{"id":7458,"date":"2015-08-26T18:38:26","date_gmt":"2015-08-26T16:38:26","guid":{"rendered":"http:\/\/avivpark.com\/zvezdara\/?page_id=7458"},"modified":"2025-07-30T16:29:17","modified_gmt":"2025-07-30T14:29:17","slug":"o-nama","status":"publish","type":"page","link":"https:\/\/avivpark.com\/zvezdara\/o-nama\/","title":{"rendered":"O nama"},"content":{"rendered":"<div class=\"wpb-content-wrapper\"><p>[vc_row type=&#8220;full-width-section&#8220; content_placement=&#8220;middle&#8220; css=&#8220;.vc_custom_1753882541444{margin-top: 40px !important;margin-bottom: 0px !important;border-top-width: 0px !important;border-bottom-width: 1px !important;padding-top: 0px !important;padding-bottom: 50px !important;background-color: #ffffff !important;border-top-style: solid !important;border-bottom-style: solid !important;border-color: #ebebeb !important;}&#8220;][vc_column width=&#8220;1\/2&#8243; css=&#8220;.vc_custom_1753885742935{padding-top: 6px !important;padding-bottom: 50px !important;}&#8220; offset=&#8220;vc_hidden-lg vc_hidden-md vc_hidden-sm vc_hidden-xs&#8220;]<style type=\"text\/css\" >#ic_icrke1c6821mwp16bd8w {margin:0px auto 0px; }#ic_icrke1c6821mwp16bd8w .rd_img_carousel img,#ic_icrke1c6821mwp16bd8w .rd_img_pager img{background:#ffffff; border-color:#ecf0f1;}<\/style><script type=\"text\/javascript\" charset=\"utf-8\">\r\n\t\tjQuery.noConflict();\r\n\t\/\/setup up Carousel\r\n\t\tjQuery(document).ready(function($) {\r\n\t\t\"use strict\";\r\n\r\n\t\t\t$(window).load(function(){\r\n\t\t\t\tvar $carousel = $(\"#ic_icrke1c6821mwp16bd8w .rd_img_carousel\"),\r\n\t\t\t\t\t$pager = $(\"#ic_icrke1c6821mwp16bd8w .rd_img_pager\");\r\n\t\t\t\t\t\r\n$(\"#ic_icrke1c6821mwp16bd8w .rd_img_pager img\").each(function(i) {\r\n\t\t$(this).addClass( \"itm\"+i );\r\n\t\t\r\n\t\t\/* add onclick event to thumbnail to make the main \r\n\t\tcarousel scroll to the right slide*\/\r\n\t\t$(this).click(function() {\r\n\t\t\t$(\"#ic_icrke1c6821mwp16bd8w .rd_img_carousel\").trigger( \"slideTo\", [i, 0, true] );\r\n\t\t\treturn false;\r\n\t\t});\r\n\t});\r\n\r\n\t\t$(\"#ic_icrke1c6821mwp16bd8w .rd_img_pager img.itm0\").addClass( \"selected\" );\r\n\t\r\n\r\n\t\t\t\t$carousel.carouFredSel({\r\n\t\t\t\t\tsynchronise: [\"#ic_icrke1c6821mwp16bd8w .rd_img_pager\", false], \r\n\t\t\t\t\tresponsive: true,\r\n\t\t\t\t\tauto: false,\r\n\t\t\t\t\tscroll: {\r\n\t\t\tfx: \"fade\",\r\n\t\t\tonBefore: function() {\r\n\t\t\t\t\/* Everytime the main slideshow changes, it check to \r\n\t\t\t\t\tmake sure thumbnail and page are displayed correctly *\/\r\n\t\t\t\t\/* Get the current position *\/\r\n\t\t\t\tvar pos = $(this).triggerHandler( \"currentPosition\" );\r\n\t\t\t\t\r\n\t\t\t\t\/* Reset and select the current thumbnail item *\/\r\n\t\t\t\t$(\"#ic_icrke1c6821mwp16bd8w .rd_img_pager img\").removeClass( \"selected\" );\r\n\t\t\t\t$(\"#ic_icrke1c6821mwp16bd8w .rd_img_pager img.itm\"+pos).addClass( \"selected\" );\r\n\r\n\t\t\t\t\/* Move the thumbnail to the right page *\/\r\n\t\t\t}},\r\n\t\t\t\t\twidth: \"100%\",\r\n        \t\t\theight: \"variable\",\r\n\t\t\t\t\titems: {\r\n\t\t\t\t\t\tvisible: 1,\r\n\t\t\t\t\t\theight: \"variable\",\r\n\t\t\t\t\t\t}\r\n\t\t\t\t\t\r\n\t\t\t\t\t\r\n\t\t\t\t\t\r\n\t\t\t\t});\r\n\t\t\t\t$pager.carouFredSel({\r\n\t\t\t\t\twidth: \"100%\",     \r\n\t\t\t\t\tauto: false,\r\n        \t\t\theight: \"variable\",\r\n\t\t\t\t\titems: {\r\n\t\t\t\t\t\theight: \"variable\",\r\n\t\t\t\t\t},\r\n\t\t\t\t});\r\n\t\t\t\t\r\n\t\t\t\t$(\"#ic_icrke1c6821mwp16bd8w .rd_img_carousel\").css(\"opacity\",\"1\" );\r\n\t\t\t\t$(\"#ic_icrke1c6821mwp16bd8w .rd_img_pager\").css(\"opacity\", \"1\" );\r\n\t\t\t\t\r\n\t\t\t\r\n$(\".woo_img_next\").click(function() { \r\n\t\t\t$(\"#ic_icrke1c6821mwp16bd8w .rd_img_pager, #ic_icrke1c6821mwp16bd8w .rd_img_carousel\").trigger( \"next\" ); \r\n\t\t});\r\n\t\t$(\".woo_img_prev\").click(function() { \r\n\t\t\t$(\"#ic_icrke1c6821mwp16bd8w .rd_img_pager, #ic_icrke1c6821mwp16bd8w .rd_img_carousel\").trigger( \"prev\" ); \r\n\t\t});\r\n\t\t\t\t});\r\n\t\t\t\t});\r\n\t<\/script><div class=\"rd_img_carousel_ctn rd_ic_tp\" id=\"ic_icrke1c6821mwp16bd8w\"><div class=\"rd_img_carousel\"><a href=\"https:\/\/avivpark.com\/zvezdara\/wp-content\/uploads\/2015\/08\/021.jpg\"  rel=\"prettyPhoto[rel-icrke1c6821mwp16bd8w]\" ><img loading=\"lazy\" decoding=\"async\" width=\"150\" height=\"150\" src=\"https:\/\/avivpark.com\/zvezdara\/wp-content\/uploads\/2015\/08\/021-150x150.jpg\" class=\"attachment-thumbnail\" alt=\"\" title=\"02\" srcset=\"https:\/\/avivpark.com\/zvezdara\/wp-content\/uploads\/2015\/08\/021-150x150.jpg 150w, https:\/\/avivpark.com\/zvezdara\/wp-content\/uploads\/2015\/08\/021-300x300.jpg 300w, https:\/\/avivpark.com\/zvezdara\/wp-content\/uploads\/2015\/08\/021-768x768.jpg 768w, https:\/\/avivpark.com\/zvezdara\/wp-content\/uploads\/2015\/08\/021-570x570.jpg 570w, https:\/\/avivpark.com\/zvezdara\/wp-content\/uploads\/2015\/08\/021.jpg 960w\" sizes=\"auto, (max-width: 150px) 100vw, 150px\" \/><\/a><a href=\"https:\/\/avivpark.com\/zvezdara\/wp-content\/uploads\/2015\/08\/011.jpg\"  rel=\"prettyPhoto[rel-icrke1c6821mwp16bd8w]\" ><img loading=\"lazy\" decoding=\"async\" width=\"150\" height=\"150\" src=\"https:\/\/avivpark.com\/zvezdara\/wp-content\/uploads\/2015\/08\/011-150x150.jpg\" class=\"attachment-thumbnail\" alt=\"\" title=\"01\" srcset=\"https:\/\/avivpark.com\/zvezdara\/wp-content\/uploads\/2015\/08\/011-150x150.jpg 150w, https:\/\/avivpark.com\/zvezdara\/wp-content\/uploads\/2015\/08\/011-300x300.jpg 300w, https:\/\/avivpark.com\/zvezdara\/wp-content\/uploads\/2015\/08\/011-768x768.jpg 768w, https:\/\/avivpark.com\/zvezdara\/wp-content\/uploads\/2015\/08\/011-570x570.jpg 570w, https:\/\/avivpark.com\/zvezdara\/wp-content\/uploads\/2015\/08\/011.jpg 960w\" sizes=\"auto, (max-width: 150px) 100vw, 150px\" \/><\/a><a href=\"https:\/\/avivpark.com\/zvezdara\/wp-content\/uploads\/2015\/08\/03-1024x502.jpg\"  rel=\"prettyPhoto[rel-icrke1c6821mwp16bd8w]\" ><img loading=\"lazy\" decoding=\"async\" width=\"150\" height=\"150\" src=\"https:\/\/avivpark.com\/zvezdara\/wp-content\/uploads\/2015\/08\/03-150x150.jpg\" class=\"attachment-thumbnail\" alt=\"\" title=\"03\" srcset=\"https:\/\/avivpark.com\/zvezdara\/wp-content\/uploads\/2015\/08\/03-150x150.jpg 150w, https:\/\/avivpark.com\/zvezdara\/wp-content\/uploads\/2015\/08\/03-768x768.jpg 768w, https:\/\/avivpark.com\/zvezdara\/wp-content\/uploads\/2015\/08\/03-570x570.jpg 570w\" sizes=\"auto, (max-width: 150px) 100vw, 150px\" \/><\/a><a href=\"https:\/\/avivpark.com\/zvezdara\/wp-content\/uploads\/2015\/08\/09-770x1024.jpg\"  rel=\"prettyPhoto[rel-icrke1c6821mwp16bd8w]\" ><img loading=\"lazy\" decoding=\"async\" width=\"150\" height=\"150\" src=\"https:\/\/avivpark.com\/zvezdara\/wp-content\/uploads\/2015\/08\/09-150x150.jpg\" class=\"attachment-thumbnail\" alt=\"\" title=\"09\" srcset=\"https:\/\/avivpark.com\/zvezdara\/wp-content\/uploads\/2015\/08\/09-150x150.jpg 150w, https:\/\/avivpark.com\/zvezdara\/wp-content\/uploads\/2015\/08\/09-768x768.jpg 768w, https:\/\/avivpark.com\/zvezdara\/wp-content\/uploads\/2015\/08\/09-570x570.jpg 570w\" sizes=\"auto, (max-width: 150px) 100vw, 150px\" \/><\/a><a href=\"https:\/\/avivpark.com\/zvezdara\/wp-content\/uploads\/2015\/08\/04.jpg\"  rel=\"prettyPhoto[rel-icrke1c6821mwp16bd8w]\" ><img loading=\"lazy\" decoding=\"async\" width=\"150\" height=\"150\" src=\"https:\/\/avivpark.com\/zvezdara\/wp-content\/uploads\/2015\/08\/04-150x150.jpg\" class=\"attachment-thumbnail\" alt=\"\" title=\"04\" srcset=\"https:\/\/avivpark.com\/zvezdara\/wp-content\/uploads\/2015\/08\/04-150x150.jpg 150w, https:\/\/avivpark.com\/zvezdara\/wp-content\/uploads\/2015\/08\/04-300x300.jpg 300w, https:\/\/avivpark.com\/zvezdara\/wp-content\/uploads\/2015\/08\/04-768x768.jpg 768w, https:\/\/avivpark.com\/zvezdara\/wp-content\/uploads\/2015\/08\/04-570x570.jpg 570w, https:\/\/avivpark.com\/zvezdara\/wp-content\/uploads\/2015\/08\/04.jpg 960w\" sizes=\"auto, (max-width: 150px) 100vw, 150px\" \/><\/a><a href=\"https:\/\/avivpark.com\/zvezdara\/wp-content\/uploads\/2015\/08\/05.jpg\"  rel=\"prettyPhoto[rel-icrke1c6821mwp16bd8w]\" ><img loading=\"lazy\" decoding=\"async\" width=\"150\" height=\"150\" src=\"https:\/\/avivpark.com\/zvezdara\/wp-content\/uploads\/2015\/08\/05-150x150.jpg\" class=\"attachment-thumbnail\" alt=\"\" title=\"05\" srcset=\"https:\/\/avivpark.com\/zvezdara\/wp-content\/uploads\/2015\/08\/05-150x150.jpg 150w, https:\/\/avivpark.com\/zvezdara\/wp-content\/uploads\/2015\/08\/05-300x300.jpg 300w, https:\/\/avivpark.com\/zvezdara\/wp-content\/uploads\/2015\/08\/05-768x768.jpg 768w, https:\/\/avivpark.com\/zvezdara\/wp-content\/uploads\/2015\/08\/05-570x570.jpg 570w, https:\/\/avivpark.com\/zvezdara\/wp-content\/uploads\/2015\/08\/05.jpg 960w\" sizes=\"auto, (max-width: 150px) 100vw, 150px\" \/><\/a><a href=\"https:\/\/avivpark.com\/zvezdara\/wp-content\/uploads\/2015\/08\/06.jpg\"  rel=\"prettyPhoto[rel-icrke1c6821mwp16bd8w]\" ><img loading=\"lazy\" decoding=\"async\" width=\"150\" height=\"150\" src=\"https:\/\/avivpark.com\/zvezdara\/wp-content\/uploads\/2015\/08\/06-150x150.jpg\" class=\"attachment-thumbnail\" alt=\"\" title=\"06\" srcset=\"https:\/\/avivpark.com\/zvezdara\/wp-content\/uploads\/2015\/08\/06-150x150.jpg 150w, https:\/\/avivpark.com\/zvezdara\/wp-content\/uploads\/2015\/08\/06-300x300.jpg 300w, https:\/\/avivpark.com\/zvezdara\/wp-content\/uploads\/2015\/08\/06-768x768.jpg 768w, https:\/\/avivpark.com\/zvezdara\/wp-content\/uploads\/2015\/08\/06-570x570.jpg 570w, https:\/\/avivpark.com\/zvezdara\/wp-content\/uploads\/2015\/08\/06.jpg 960w\" sizes=\"auto, (max-width: 150px) 100vw, 150px\" \/><\/a><a href=\"https:\/\/avivpark.com\/zvezdara\/wp-content\/uploads\/2015\/08\/07-770x1024.jpg\"  rel=\"prettyPhoto[rel-icrke1c6821mwp16bd8w]\" ><img loading=\"lazy\" decoding=\"async\" width=\"150\" height=\"150\" src=\"https:\/\/avivpark.com\/zvezdara\/wp-content\/uploads\/2015\/08\/07-150x150.jpg\" class=\"attachment-thumbnail\" alt=\"\" title=\"07\" srcset=\"https:\/\/avivpark.com\/zvezdara\/wp-content\/uploads\/2015\/08\/07-150x150.jpg 150w, https:\/\/avivpark.com\/zvezdara\/wp-content\/uploads\/2015\/08\/07-768x768.jpg 768w, https:\/\/avivpark.com\/zvezdara\/wp-content\/uploads\/2015\/08\/07-570x570.jpg 570w\" sizes=\"auto, (max-width: 150px) 100vw, 150px\" \/><\/a><a href=\"https:\/\/avivpark.com\/zvezdara\/wp-content\/uploads\/2015\/08\/08-683x1024.jpg\"  rel=\"prettyPhoto[rel-icrke1c6821mwp16bd8w]\" ><img loading=\"lazy\" decoding=\"async\" width=\"150\" height=\"150\" src=\"https:\/\/avivpark.com\/zvezdara\/wp-content\/uploads\/2015\/08\/08-150x150.jpg\" class=\"attachment-thumbnail\" alt=\"\" title=\"08\" srcset=\"https:\/\/avivpark.com\/zvezdara\/wp-content\/uploads\/2015\/08\/08-150x150.jpg 150w, https:\/\/avivpark.com\/zvezdara\/wp-content\/uploads\/2015\/08\/08-768x768.jpg 768w, https:\/\/avivpark.com\/zvezdara\/wp-content\/uploads\/2015\/08\/08-570x570.jpg 570w\" sizes=\"auto, (max-width: 150px) 100vw, 150px\" \/><\/a><\/div><div class=\"rd_img_pager\"><div><img decoding=\"async\" class=\"\" src=\"https:\/\/avivpark.com\/zvezdara\/wp-content\/uploads\/2015\/08\/021-200x200.jpg\" width=\"200\" height=\"200\" alt=\"02\" title=\"02\" loading=\"lazy\" \/><\/div><div><img decoding=\"async\" class=\"\" src=\"https:\/\/avivpark.com\/zvezdara\/wp-content\/uploads\/2015\/08\/011-200x200.jpg\" width=\"200\" height=\"200\" alt=\"01\" title=\"01\" loading=\"lazy\" \/><\/div><div><img decoding=\"async\" class=\"\" src=\"https:\/\/avivpark.com\/zvezdara\/wp-content\/uploads\/2015\/08\/03-200x200.jpg\" width=\"200\" height=\"200\" alt=\"03\" title=\"03\" loading=\"lazy\" \/><\/div><div><img decoding=\"async\" class=\"\" src=\"https:\/\/avivpark.com\/zvezdara\/wp-content\/uploads\/2015\/08\/09-200x200.jpg\" width=\"200\" height=\"200\" alt=\"09\" title=\"09\" loading=\"lazy\" \/><\/div><div><img decoding=\"async\" class=\"\" src=\"https:\/\/avivpark.com\/zvezdara\/wp-content\/uploads\/2015\/08\/04-200x200.jpg\" width=\"200\" height=\"200\" alt=\"04\" title=\"04\" loading=\"lazy\" \/><\/div><div><img decoding=\"async\" class=\"\" src=\"https:\/\/avivpark.com\/zvezdara\/wp-content\/uploads\/2015\/08\/05-200x200.jpg\" width=\"200\" height=\"200\" alt=\"05\" title=\"05\" loading=\"lazy\" \/><\/div><div><img decoding=\"async\" class=\"\" src=\"https:\/\/avivpark.com\/zvezdara\/wp-content\/uploads\/2015\/08\/06-200x200.jpg\" width=\"200\" height=\"200\" alt=\"06\" title=\"06\" loading=\"lazy\" \/><\/div><div><img decoding=\"async\" class=\"\" src=\"https:\/\/avivpark.com\/zvezdara\/wp-content\/uploads\/2015\/08\/07-200x200.jpg\" width=\"200\" height=\"200\" alt=\"07\" title=\"07\" loading=\"lazy\" \/><\/div><div><img decoding=\"async\" class=\"\" src=\"https:\/\/avivpark.com\/zvezdara\/wp-content\/uploads\/2015\/08\/08-200x200.jpg\" width=\"200\" height=\"200\" alt=\"08\" title=\"08\" loading=\"lazy\" \/><\/div><\/div><\/div>[\/vc_column][vc_column css=&#8220;.vc_custom_1753885756034{padding-bottom: 50px !important;}&#8220;][vc_column_text css=&#8220;.vc_custom_1753882402088{margin-bottom: 29px !important;}&#8220; animation=&#8220;rda_fadeInRight&#8220;]Aviv Park od 2025. godine posluje u sklopu MAT Real Estate.<\/p>\n<p>MAT Real Estate DOO je preduze\u0107e koje je osnovano 2014. godine sa primarnim ciljem da jedinstveno upravlja nekretninama mati\u010dne kompanije.<\/p>\n<p>Kompanija Matijevi\u0107 je osnovana 1994. godine sa primarnom delatno\u0161\u0107u proizvodnje i prometa mesa, da bi razli\u010ditim investicijama, delatnosti pro\u0161irila i na poljoprivredu, ugostiteljstvo, trgovinu, recikla\u017eu i ispitivanje zdravstvene ispravnosti. Pored ovoga, kompanija je i osniva\u010d neprofitne fondacije dr \u0160piro Matijevi\u0107.<\/p>\n<p>Zbog ovakvog razvojnog puta kompanije stvorila se potreba da se formira posebno preduze\u0107e koje \u0107e se baviti raznovrsnim nekretninama koje se nalaze u vlasni\u0161tvu preduze\u0107a u okviru kompanije. Naime, pored izdavanja i prodaje razli\u010ditih objekata i zemlji\u0161ta, preduze\u0107e upravlja MAT hotelima, tr\u017enim centrom Sad Novi Bazaar, kao i preduze\u0107ima Novotrans, Uzor, Tekstil promet i Sloboda.<\/p>\n<p>Cilj stvaranja ovog preduze\u0107a je pre svega centralizacija podataka i protoka informacija kako bi se u kontinuitetu prezentovala jedinstvena ponuda aktuelnih nekretnina svih preduze\u0107a u sistemu, ali i unifikacija rada svih hotelskih objekata.<\/p>\n<p>Tim ljudi zaposlenih u MAT Real Estate-u svakodnevno uspe\u0161no komunicira sa svim preduze\u0107ima u okviru preduze\u0107a i na taj na\u010din uspe\u0161no prezentuje kompletnu ponudu nekretnina.[\/vc_column_text][\/vc_column][\/vc_row][vc_row type=&#8220;full-width-section&#8220; css=&#8220;.vc_custom_1461092858652{margin-bottom: 0px !important;padding-top: 75px !important;padding-bottom: 76px !important;background-image: url(http:\/\/avivpark.com\/zvezdara\/wp-content\/uploads\/2015\/09\/bg_plava-zelena.jpg?id=7933) !important;}&#8220; font_color=&#8220;#ffffff&#8220;][vc_column][vc_custom_heading text=&#8220;UPOZNALI STE SE SA NA\u0160OM KOMPANIJOM&#8220; font_container=&#8220;tag:h3|font_size:24|text_align:center|color:%23ffffff&#8220; google_fonts=&#8220;font_family:Ubuntu%3A300%2C300italic%2Cregular%2Citalic%2C500%2C500italic%2C700%2C700italic|font_style:300%20light%20regular%3A300%3Anormal&#8220; css=&#8220;.vc_custom_1441284851699{margin-bottom: 26px !important;}&#8220;][vc_custom_heading text=&#8220;KONTAKTIRAJTE NAS&#8220; font_container=&#8220;tag:h3|font_size:40|text_align:center|color:%23ffffff&#8220; google_fonts=&#8220;font_family:Ubuntu%3A300%2C300italic%2Cregular%2Citalic%2C500%2C500italic%2C700%2C700italic|font_style:700%20bold%20regular%3A700%3Anormal&#8220;]<style type=\"text\/css\" >#b_0pzuzztiooz85cunitrn a{color:#ffffff; background:#f99f1c; margin-top:0px; margin-bottom:0px;  margin-left:0px; margin-right:0px; font-weight:900; border-radius:0px;}#b_0pzuzztiooz85cunitrn a:hover{color:#ffffff ; background:#84c441 ;}<\/style><div class=\"ta_center tf_btn_pos\" id=\"b_0pzuzztiooz85cunitrn\" ><a class=\"rd_normal_bt small_rd_bt rda_bounceInLeft \" href=\"https:\/\/avivpark.com\/zvezdara\/kontakt\/\" target=\"\"   >KONTAKT<\/a><\/div>[\/vc_column][\/vc_row]<\/p>\n<\/div>","protected":false},"excerpt":{"rendered":"<p>[vc_row type=&#8220;full-width-section&#8220; content_placement=&#8220;middle&#8220; css=&#8220;.vc_custom_1753882541444{margin-top: 40px !important;margin-bottom: 0px !important;border-top-width: 0px !important;border-bottom-width: 1px !important;padding-top: 0px !important;padding-bottom: 50px !important;background-color: #ffffff !important;border-top-style: solid !important;border-bottom-style: solid !important;border-color: #ebebeb !important;}&#8220;][vc_column width=&#8220;1\/2&#8243; css=&#8220;.vc_custom_1753885742935{padding-top: 6px !important;padding-bottom: 50px !important;}&#8220; offset=&#8220;vc_hidden-lg vc_hidden-md vc_hidden-sm vc_hidden-xs&#8220;][\/vc_column][vc_column css=&#8220;.vc_custom_1753885756034{padding-bottom: 50px !important;}&#8220;][vc_column_text css=&#8220;.vc_custom_1753882402088{margin-bottom: 29px !important;}&#8220; animation=&#8220;rda_fadeInRight&#8220;]Aviv Park od 2025. godine posluje u sklopu MAT Real Estate. MAT Real Estate DOO<br \/><a href=\"https:\/\/avivpark.com\/zvezdara\/o-nama\/\" class=\"more\">Read more<\/a><\/p>\n","protected":false},"author":17,"featured_media":0,"parent":0,"menu_order":0,"comment_status":"closed","ping_status":"closed","template":"","meta":{"_monsterinsights_skip_tracking":false,"_monsterinsights_sitenote_active":false,"_monsterinsights_sitenote_note":"","_monsterinsights_sitenote_category":0,"footnotes":""},"class_list":["post-7458","page","type-page","status-publish","hentry"],"aioseo_notices":[],"_links":{"self":[{"href":"https:\/\/avivpark.com\/zvezdara\/wp-json\/wp\/v2\/pages\/7458","targetHints":{"allow":["GET"]}}],"collection":[{"href":"https:\/\/avivpark.com\/zvezdara\/wp-json\/wp\/v2\/pages"}],"about":[{"href":"https:\/\/avivpark.com\/zvezdara\/wp-json\/wp\/v2\/types\/page"}],"author":[{"embeddable":true,"href":"https:\/\/avivpark.com\/zvezdara\/wp-json\/wp\/v2\/users\/17"}],"replies":[{"embeddable":true,"href":"https:\/\/avivpark.com\/zvezdara\/wp-json\/wp\/v2\/comments?post=7458"}],"version-history":[{"count":4,"href":"https:\/\/avivpark.com\/zvezdara\/wp-json\/wp\/v2\/pages\/7458\/revisions"}],"predecessor-version":[{"id":16315,"href":"https:\/\/avivpark.com\/zvezdara\/wp-json\/wp\/v2\/pages\/7458\/revisions\/16315"}],"wp:attachment":[{"href":"https:\/\/avivpark.com\/zvezdara\/wp-json\/wp\/v2\/media?parent=7458"}],"curies":[{"name":"wp","href":"https:\/\/api.w.org\/{rel}","templated":true}]}}