{"id":14058,"date":"2023-04-04T14:19:17","date_gmt":"2023-04-04T12:19:17","guid":{"rendered":"https:\/\/avivpark.com\/zvezdara\/?page_id=14058"},"modified":"2023-10-04T16:04:52","modified_gmt":"2023-10-04T14:04:52","slug":"program-rodjendan","status":"publish","type":"page","link":"https:\/\/avivpark.com\/zvezdara\/program-rodjendan\/","title":{"rendered":"Program ro\u0111endan"},"content":{"rendered":"<div class=\"wpb-content-wrapper\"><p>[vc_row][vc_column][vc_custom_heading text=&#8220;AVIV PARK SLAVI 8. RO\u0110ENDAN&#8220; font_container=&#8220;tag:h1|text_align:left&#8220; css=&#8220;.vc_custom_1696162642214{padding-top: 30px !important;}&#8220;][vc_column_text]Pridru\u017eite se ro\u0111endanskoj zabavi u subotu 07.10.<\/p>\n<p>O\u010dekuje vas raznovrstan celodnevni program, puno poslu\u017eenja, sjajna zabava i odli\u010dni popusti.<\/p>\n<p>Toplu dobrodo\u0161licu vam \u017eeli va\u0161 verni kom\u0161ija koji ve\u0107 osam godina predstavlja omiljeno mesto okupljanja va\u0161e porodice i prijatelja.[\/vc_column_text][vc_column_text]<\/p>\n<h2>Program predvi\u0111en za ro\u0111endansku subotu 07.10.<\/h2>\n<p>[\/vc_column_text][vc_column_text]*12:00-14:00 Dru\u017eenje sa maskotama (na svim nivoima)<\/p>\n<p>*13:00-14:00 Zabava sa klovnom koji \u0107e modelovati balone (Nivo -1)<\/p>\n<p>*14:00-15:00 Facepainting (Nivo 2)<\/p>\n<p>*14:00-15:00 Besplatna kafa (Nivo 2)<\/p>\n<p>*15:30-17:00 Pid\u017eama \u017eurka sa princezom (nivo 0)<\/p>\n<p>*16:30-17:30 Deljenje medenjaka (na svim nivoima)<\/p>\n<p>*17:30-18:15 Pozori\u0161na predstava \u201eZaljubi se Cica u princa\u201c (Nivo 1, Plato)<\/p>\n<p>*18:00-19:00 Besplatna limunada na \u0161tandu (Nivo 1, Plato)<\/p>\n<p>*19:00- 20:30 Bioskop na otvorenom, Diznijev animirani film: \u201eLuka\u201c (Nivo 1, Plato)<\/p>\n<p>*20:30 Vatromet<\/p>\n<p>\u010cekamo vas da lepe trenutke delimo zajedno.<\/p>\n<p>Va\u0161 Aviv Park \ud83e\udd17[\/vc_column_text][\/vc_column][\/vc_row][vc_row][vc_column][\/vc_column][\/vc_row]<\/p>\n<\/div>","protected":false},"excerpt":{"rendered":"<p>[vc_row][vc_column][vc_custom_heading text=&#8220;AVIV PARK SLAVI 8. RO\u0110ENDAN&#8220; font_container=&#8220;tag:h1|text_align:left&#8220; css=&#8220;.vc_custom_1696162642214{padding-top: 30px !important;}&#8220;][vc_column_text]Pridru\u017eite se ro\u0111endanskoj zabavi u subotu 07.10. O\u010dekuje vas raznovrstan celodnevni program, puno poslu\u017eenja, sjajna zabava i odli\u010dni popusti. Toplu dobrodo\u0161licu vam \u017eeli va\u0161 verni kom\u0161ija koji ve\u0107 osam godina predstavlja omiljeno mesto okupljanja va\u0161e porodice i prijatelja.[\/vc_column_text][vc_column_text] Program predvi\u0111en za ro\u0111endansku subotu 07.10. [\/vc_column_text][vc_column_text]*12:00-14:00 Dru\u017eenje<br \/><a href=\"https:\/\/avivpark.com\/zvezdara\/program-rodjendan\/\" class=\"more\">Read more<\/a><\/p>\n","protected":false},"author":17,"featured_media":7540,"parent":0,"menu_order":0,"comment_status":"closed","ping_status":"closed","template":"","meta":{"_monsterinsights_skip_tracking":false,"_monsterinsights_sitenote_active":false,"_monsterinsights_sitenote_note":"","_monsterinsights_sitenote_category":0,"footnotes":""},"class_list":["post-14058","page","type-page","status-publish","has-post-thumbnail","hentry"],"aioseo_notices":[],"_links":{"self":[{"href":"https:\/\/avivpark.com\/zvezdara\/wp-json\/wp\/v2\/pages\/14058","targetHints":{"allow":["GET"]}}],"collection":[{"href":"https:\/\/avivpark.com\/zvezdara\/wp-json\/wp\/v2\/pages"}],"about":[{"href":"https:\/\/avivpark.com\/zvezdara\/wp-json\/wp\/v2\/types\/page"}],"author":[{"embeddable":true,"href":"https:\/\/avivpark.com\/zvezdara\/wp-json\/wp\/v2\/users\/17"}],"replies":[{"embeddable":true,"href":"https:\/\/avivpark.com\/zvezdara\/wp-json\/wp\/v2\/comments?post=14058"}],"version-history":[{"count":0,"href":"https:\/\/avivpark.com\/zvezdara\/wp-json\/wp\/v2\/pages\/14058\/revisions"}],"wp:featuredmedia":[{"embeddable":true,"href":"https:\/\/avivpark.com\/zvezdara\/wp-json\/wp\/v2\/media\/7540"}],"wp:attachment":[{"href":"https:\/\/avivpark.com\/zvezdara\/wp-json\/wp\/v2\/media?parent=14058"}],"curies":[{"name":"wp","href":"https:\/\/api.w.org\/{rel}","templated":true}]}}