{"id":11882,"date":"2019-08-23T20:52:26","date_gmt":"2019-08-23T18:52:26","guid":{"rendered":"https:\/\/avivpark.com\/zvezdara\/?page_id=11882"},"modified":"2023-10-04T22:54:46","modified_gmt":"2023-10-04T20:54:46","slug":"politika-privatnosti","status":"publish","type":"page","link":"https:\/\/avivpark.com\/zvezdara\/politika-privatnosti\/","title":{"rendered":"Politika privatnosti"},"content":{"rendered":"<div class=\"wpb-content-wrapper\"><p>[vc_row type=&#8220;full-width-section&#8220; css=&#8220;.vc_custom_1441322369460{margin-top: 40px !important;margin-bottom: 0px !important;border-top-width: 0px !important;border-bottom-width: 1px !important;padding-top: 0px !important;padding-bottom: 50px !important;background-color: #ffffff !important;border-top-color: #ebebeb !important;border-top-style: solid !important;border-bottom-color: #ebebeb !important;border-bottom-style: solid !important;}&#8220;][vc_column css=&#8220;.vc_custom_1422794172714{padding-top: 6px !important;padding-bottom: 50px !important;}&#8220;][vc_custom_heading text=&#8220;Politika kola\u010di\u0107a&#8220; font_container=&#8220;tag:h3|font_size:30|text_align:left&#8220; google_fonts=&#8220;font_family:Ubuntu%3A300%2C300italic%2Cregular%2Citalic%2C500%2C500italic%2C700%2C700italic|font_style:300%20light%20regular%3A300%3Anormal&#8220; css=&#8220;.vc_custom_1576620487334{margin-bottom: 27px !important;}&#8220;][vc_column_text animation=&#8220;rda_fadeInRight&#8220; css=&#8220;.vc_custom_1576619638590{margin-bottom: 29px !important;}&#8220;]U primeni od: 10. decembra 2019. godine<\/p>\n<p>Aviv Arlon Project d.o.o. Beograd (&#8222;Aviv&#8220;, &#8222;mi&#8220; ili &#8222;na\u0161&#8220;) upotrebljava tehnologiju kola\u010di\u0107a i drugih tehnologija za pra\u0107enje na svom sajtu <a href=\"https:\/\/avivpark.com\/zvezdara\/\">https:\/\/avivpark.com\/zvezdara\/<\/a> . Kola\u010di\u0107i (<em>cookies<\/em>) su male tekstualne datoteke koje website koji pose\u0107ujete sme\u0161ta u Va\u0161 ure\u0111aj (kompjuter, laptop, mobilni telefon, i sl.).<br \/>\nCilj ove Politike kola\u010di\u0107a je da Vam pru\u017ei informacije o svakoj vrsti kola\u010di\u0107a i drugih tehnologija za pra\u0107enje koje koristimo, uklju\u010duju\u0107i podatke koje prikupljamo i svrhu u koju ih obra\u0111ujemo. Iz Politike kola\u010di\u0107a mo\u017eete saznati i koliko dugo se kola\u010di\u0107i zadr\u017eavaju u Va\u0161em ure\u0111aju. Politika kola\u010di\u0107a Vas tako\u0111e obave\u0161tava na koji na\u010din mo\u017eete da isklju\u010dite kola\u010di\u0107e, odnosno da se sa njihovim instaliranjem saglasite ili ne saglasite.<\/p>\n<p><strong>Vrste kola\u010di\u0107a <\/strong><\/p>\n<p>Aviv postavlja dve vrste kola\u010di\u0107a: tzv. neophodne kola\u010di\u0107e i Google Analytics kola\u010di\u0107e.<\/p>\n<p><em>Neophodni kola\u010di\u0107i<\/em><\/p>\n<p>Neophodni kola\u010di\u0107i omogu\u0107avaju da sajt operi\u0161e na optimalan na\u010din. U tu svrhu, koristimo kola\u010di\u0107e OptanonConsent (ili OptanonAlertBoxClosed). Ovi kola\u010di\u0107i se zadr\u017eavaju u ure\u0111aju godinu dana. Svrha obrade podataka putem ovih kola\u010di\u0107a je da pamte Va\u0161u posetu na\u0161em sajtu, kako Vam ne bismo prilikom slede\u0107ih poseta upu\u0107ivali obave\u0161tenja o kori\u0161\u0107enju kola\u010di\u0107a.<\/p>\n<p>Korisnik mo\u017ee da isklju\u010di ove kola\u010di\u0107e putem pode\u0161avanja pretra\u017eiva\u010da (browser), s tim da je nakon isklju\u010divanja kori\u0161\u0107enje website-a ote\u017eano. Ukoliko \u017eelite da isklju\u010dite neophodne kola\u010di\u0107e, to mo\u017eete u\u010diniti na na\u010din opisan na donjim linkovima:<\/p>\n<p><a href=\"https:\/\/support.microsoft.com\/en-us\/help\/17442\/windows-internet-explorer-delete-manage-cookies\">Internet Explorer<\/a>\u00a0 <a href=\"https:\/\/support.google.com\/accounts\/answer\/61416?co=GENIE.Platform%3DDesktop&amp;hl=en\">Chrome<\/a>\u00a0 <a href=\"https:\/\/support.mozilla.org\/en-US\/kb\/block-websites-storing-cookies-site-data-firefox#targetText=To%20set%20Firefox%20to%20block%20cookies%20from%20all%20websites%3A,may%20cause%20websites%20to%20break).\">Firefox<\/a>\u00a0 <a href=\"https:\/\/support.apple.com\/en-gb\/guide\/safari\/sfri11471\/mac\">Safari<\/a><\/p>\n<p><em>Google Analytics<\/em><\/p>\n<p>Ove kola\u010di\u0107e koristimo radi prikupljanja podataka o posetama na\u0161em website-u. Ovi podaci su nam potrebni kako bismo unapredili rad website-a. Ovi kola\u010dic\u0301i ne prikupljaju informacije koje vas direktno identifikuju, nego zbirne informacije o posetiocima sajta. Podaci se odnose na broj posetilaca sajta, pose\u0107enost pojedinih stranica u okviru sajta, internet stranice sa kojih korisnici prelaze na na\u0161 sajt, podru\u010dje na kom se korisnici nalaze, i sli\u010dno. Koristimo slede\u0107e Google Analytics kola\u010di\u0107e:<\/p>\n<table width=\"624\">\n<tbody>\n<tr>\n<td width=\"198\">Naziv kola\u010di\u0107a<\/td>\n<td width=\"132\">Vreme zadr\u017eavanja u ure\u0111aju<\/td>\n<td width=\"294\">\u00a0 Svrha u koju se podaci obra\u0111uju<\/td>\n<\/tr>\n<tr>\n<td width=\"198\">_ga<\/p>\n<p>&nbsp;<\/td>\n<td width=\"132\">2 godine<\/td>\n<td width=\"294\">\u00a0 razlikovanje korisnika<\/td>\n<\/tr>\n<tr>\n<td width=\"198\">_gid<\/p>\n<p>&nbsp;<\/td>\n<td width=\"132\">24 sata<\/td>\n<td width=\"294\">\u00a0 pra\u0107enje korisnikovog postupanja na\u00a0 \u00a0 \u00a0 sajtu<\/td>\n<\/tr>\n<tr>\n<td width=\"198\">_gat<\/td>\n<td width=\"132\">10 minuta<\/td>\n<td width=\"294\">\u00a0 kontrolisanje broja zahteva za\u00a0 \u00a0 \u00a0 \u00a0kori\u0161\u0107enje Google doubleclick-a<\/td>\n<\/tr>\n<\/tbody>\n<\/table>\n<p>&nbsp;<\/p>\n<p>Podatke prikupljene putem Google Analytics ne delimo sa bilo kojom tre\u0107om stranom.<br \/>\nVi\u0161e detalja o obradi podataka putem Google Analytics kola\u010di\u0107a, uklju\u010duju\u0107i i to koliko se dugo Google zadr\u017eava ove podatke na svojim serverima mo\u017eete na\u0107i na web adresi <a href=\"https:\/\/support.google.com\/analytics\/answer\/6004245\">https:\/\/support.google.com\/analytics\/answer\/6004245<\/a>. Informacije o tome kako mo\u017eete da isklju\u010dite Google Analytics kola\u010di\u0107e nalaze se na stranici <a href=\"https:\/\/tools.google.com\/dlpage\/gaoptout\">https:\/\/tools.google.com\/dlpage\/gaoptout<\/a>.<\/p>\n<p>&nbsp;<\/p>\n<p><strong>Druge tehnologije za pra\u0107enje <\/strong><\/p>\n<p><em>Facebook pixels<\/em><\/p>\n<p>Ova tehnologija za pra\u0107enje prepoznaje aktivnosti korisnika na\u0161eg sajta, kao \u0161to su pose\u0107ene stranice i ure\u0111aj koji korisnik koristi. Ove podatke mo\u017eemo da prikupljamo ako je korisnik na\u0161eg sajta pri tom ulogovan na dru\u0161tvenoj mre\u017ei Facebook. Prikupljene podatke mo\u017eemo da koristimo u svrhu direktnog marketinga. Kompanija Facebook tako\u0111e ima pristup ovim podacima. Kola\u010di\u0107i se u Va\u0161em ure\u0111aju zadr\u017eavaju dok ste ulogovani na Facebook-u.<\/p>\n<p>&nbsp;<\/p>\n<p><strong>Obave\u0161tenje o izmenama<\/strong><\/p>\n<p>Izmene u ovoj Politici kola\u010di\u0107a bi\u0107e objavljivane na Avivovom website-u i va\u017ei\u0107e po\u010dev od dana objavljivanja. Izmene \u0107e se odnositi na podatke koje budemo prikupljali od dana njihovog objavljivanja, a ne i na podatke koje smo do tada prikupili. Va\u0161a je odgovornost da pregledate ovu Politiku kola\u010di\u0107a s vremena na vreme, i da se upoznate sa njenim izmenama.<br \/>\nUkoliko imate pitanja ili primedbe u vezi sa obradom Va\u0161ih podataka, mo\u017eete nam se obratiti na broj 011\/288-0-551, ili nam pisati na <a href=\"mailto:office@avivarlon.rs\">office@avivarlon.rs<\/a> ili Aviv Arlon, \u017divka Davidovi\u0107a 86, Beograd.[\/vc_column_text][\/vc_column][\/vc_row][vc_row type=&#8220;full-width-section&#8220; css=&#8220;.vc_custom_1461092858652{margin-bottom: 0px !important;padding-top: 75px !important;padding-bottom: 76px !important;background-image: url(http:\/\/avivpark.com\/zvezdara\/wp-content\/uploads\/2015\/09\/bg_plava-zelena.jpg?id=7933) !important;}&#8220; font_color=&#8220;#ffffff&#8220;][vc_column][vc_custom_heading text=&#8220;UPOZNALI STE SE SA NA\u0160OM KOMPANIJOM&#8220; font_container=&#8220;tag:h3|font_size:24|text_align:center|color:%23ffffff&#8220; google_fonts=&#8220;font_family:Ubuntu%3A300%2C300italic%2Cregular%2Citalic%2C500%2C500italic%2C700%2C700italic|font_style:300%20light%20regular%3A300%3Anormal&#8220; css=&#8220;.vc_custom_1441284851699{margin-bottom: 26px !important;}&#8220;][vc_custom_heading text=&#8220;PREPORU\u010cUJEMO DA POGLEDATE&#8220; font_container=&#8220;tag:h3|font_size:40|text_align:center|color:%23ffffff&#8220; google_fonts=&#8220;font_family:Ubuntu%3A300%2C300italic%2Cregular%2Citalic%2C500%2C500italic%2C700%2C700italic|font_style:700%20bold%20regular%3A700%3Anormal&#8220;]<style type=\"text\/css\" >#b_cd0n8gic3sunwnjjt21x{margin-top:0px; margin-bottom:0px;}#b_cd0n8gic3sunwnjjt21x .f_btn{color:#ffffff; background: #f99f1c;}#b_cd0n8gic3sunwnjjt21x .f_btn:hover{color:#ffffff ; background:#84c441 ;}#b_cd0n8gic3sunwnjjt21x .s_btn{color:#ffffff; background: #f99f1c;}#b_cd0n8gic3sunwnjjt21x .s_btn:hover{color:#ffffff ; background:#84c441 ;}<\/style><div class=\"rd_db_1 clearfix\" id=\"b_cd0n8gic3sunwnjjt21x\" ><a class=\"f_btn rda_bounceInLeft \" href=\"http:\/\/avivpark.com\/pancevo\/\" target=\"_blank\" >AVIV PARK PAN\u010cEVO<\/a><a class=\"s_btn rda_bounceInRight \" href=\"http:\/\/avivpark.com\/zrenjanin\/\" target=\"_blank\" >AVIV PARK ZRENJANIN<\/a><\/div>[\/vc_column][\/vc_row]<\/p>\n<\/div>","protected":false},"excerpt":{"rendered":"<p>[vc_row type=&#8220;full-width-section&#8220; css=&#8220;.vc_custom_1441322369460{margin-top: 40px !important;margin-bottom: 0px !important;border-top-width: 0px !important;border-bottom-width: 1px !important;padding-top: 0px !important;padding-bottom: 50px !important;background-color: #ffffff !important;border-top-color: #ebebeb !important;border-top-style: solid !important;border-bottom-color: #ebebeb !important;border-bottom-style: solid !important;}&#8220;][vc_column css=&#8220;.vc_custom_1422794172714{padding-top: 6px !important;padding-bottom: 50px !important;}&#8220;][vc_custom_heading text=&#8220;Politika kola\u010di\u0107a&#8220; font_container=&#8220;tag:h3|font_size:30|text_align:left&#8220; google_fonts=&#8220;font_family:Ubuntu%3A300%2C300italic%2Cregular%2Citalic%2C500%2C500italic%2C700%2C700italic|font_style:300%20light%20regular%3A300%3Anormal&#8220; css=&#8220;.vc_custom_1576620487334{margin-bottom: 27px !important;}&#8220;][vc_column_text animation=&#8220;rda_fadeInRight&#8220; css=&#8220;.vc_custom_1576619638590{margin-bottom: 29px !important;}&#8220;]U primeni od: 10. decembra 2019. godine Aviv Arlon Project d.o.o. Beograd (&#8222;Aviv&#8220;, &#8222;mi&#8220; ili<br \/><a href=\"https:\/\/avivpark.com\/zvezdara\/politika-privatnosti\/\" class=\"more\">Read more<\/a><\/p>\n","protected":false},"author":17,"featured_media":0,"parent":0,"menu_order":0,"comment_status":"closed","ping_status":"closed","template":"","meta":{"_monsterinsights_skip_tracking":false,"_monsterinsights_sitenote_active":false,"_monsterinsights_sitenote_note":"","_monsterinsights_sitenote_category":0,"footnotes":""},"class_list":["post-11882","page","type-page","status-publish","hentry"],"aioseo_notices":[],"_links":{"self":[{"href":"https:\/\/avivpark.com\/zvezdara\/wp-json\/wp\/v2\/pages\/11882","targetHints":{"allow":["GET"]}}],"collection":[{"href":"https:\/\/avivpark.com\/zvezdara\/wp-json\/wp\/v2\/pages"}],"about":[{"href":"https:\/\/avivpark.com\/zvezdara\/wp-json\/wp\/v2\/types\/page"}],"author":[{"embeddable":true,"href":"https:\/\/avivpark.com\/zvezdara\/wp-json\/wp\/v2\/users\/17"}],"replies":[{"embeddable":true,"href":"https:\/\/avivpark.com\/zvezdara\/wp-json\/wp\/v2\/comments?post=11882"}],"version-history":[{"count":0,"href":"https:\/\/avivpark.com\/zvezdara\/wp-json\/wp\/v2\/pages\/11882\/revisions"}],"wp:attachment":[{"href":"https:\/\/avivpark.com\/zvezdara\/wp-json\/wp\/v2\/media?parent=11882"}],"curies":[{"name":"wp","href":"https:\/\/api.w.org\/{rel}","templated":true}]}}