{"id":10,"date":"2014-10-01T23:59:35","date_gmt":"2014-10-01T21:59:35","guid":{"rendered":"http:\/\/www.rd-themes.com\/TheFox\/?page_id=10"},"modified":"2024-01-23T22:15:55","modified_gmt":"2024-01-23T21:15:55","slug":"novosti","status":"publish","type":"page","link":"https:\/\/avivpark.com\/zvezdara\/novosti\/","title":{"rendered":"Novosti"},"content":{"rendered":"<div class=\"wpb-content-wrapper\"><p>[vc_row css=&#8220;.vc_custom_1443694026232{margin-top: 40px !important;padding-top: 0px !important;}&#8220;][vc_column css=&#8220;.vc_custom_1414144116071{margin-top: 0px;padding-top: 0px;}&#8220;]<style type=\"text\/css\" >#rp_jfvntemvnwljlok6jsqi .post_ctn,#rp_jfvntemvnwljlok6jsqi .rp_post_info,#rp_jfvntemvnwljlok6jsqi .rp_post_cat,#rp_jfvntemvnwljlok6jsqi .rp_post_author{border-color:#ecf0f1;}#rp_jfvntemvnwljlok6jsqi .post-title h2 a{color:#f99d13;}#rp_jfvntemvnwljlok6jsqi .rp_entry{color:#000000;}#rp_jfvntemvnwljlok6jsqi .rp_post_info a{color:#000000;}#rp_jfvntemvnwljlok6jsqi .post-title h2 a:hover,#rp_jfvntemvnwljlok6jsqi .rp_post_info a:hover{color:#f99f1c;}#rp_jfvntemvnwljlok6jsqi .blog_load_more_cont {bottom:-70px;}<\/style><script>\r\n\r\n\r\n\r\njQuery.noConflict();\r\njQuery(document).ready(function($){\r\n\"use strict\";\r\n\r\n\r\n $(window).load(function(){\r\n\r\nfunction watchblog() {\r\n\r\n$(\".masonry_ctn\").isotope({\r\n  \/\/ options\r\n  itemSelector : '.ajax_post',\r\n  layoutMode : 'masonry'\r\n});\r\n\r\n}\r\n\r\nsetInterval(watchblog, 100);\r\n\r\n});});\r\n\r\n\r\n<\/script>\r\n\r\n\r\n\r\n<div class=\"masonry_ctn blog_2_col\" id=\"rp_jfvntemvnwljlok6jsqi\">\r\n\r\n<div class=\"rp_type05 ajax_post blog_2_col \"><a href=\"https:\/\/avivpark.com\/zvezdara\/exation-aviv\/\" title=\"Exation Aviv\">\r\n  <div class='post-attachement'><img loading=\"lazy\" decoding=\"async\" width=\"570\" height=\"570\" src=\"https:\/\/avivpark.com\/zvezdara\/wp-content\/uploads\/2026\/04\/exation-2-copy-e1776680875907-570x570.jpg\" class=\"attachment-staff_tn size-staff_tn wp-post-image\" alt=\"\" srcset=\"https:\/\/avivpark.com\/zvezdara\/wp-content\/uploads\/2026\/04\/exation-2-copy-e1776680875907-570x570.jpg 570w, https:\/\/avivpark.com\/zvezdara\/wp-content\/uploads\/2026\/04\/exation-2-copy-e1776680875907-300x300.jpg 300w, https:\/\/avivpark.com\/zvezdara\/wp-content\/uploads\/2026\/04\/exation-2-copy-e1776680875907-1024x1024.jpg 1024w, https:\/\/avivpark.com\/zvezdara\/wp-content\/uploads\/2026\/04\/exation-2-copy-e1776680875907-150x150.jpg 150w, https:\/\/avivpark.com\/zvezdara\/wp-content\/uploads\/2026\/04\/exation-2-copy-e1776680875907-768x768.jpg 768w, https:\/\/avivpark.com\/zvezdara\/wp-content\/uploads\/2026\/04\/exation-2-copy-e1776680875907-266x266.jpg 266w, https:\/\/avivpark.com\/zvezdara\/wp-content\/uploads\/2026\/04\/exation-2-copy-e1776680875907-75x75.jpg 75w, https:\/\/avivpark.com\/zvezdara\/wp-content\/uploads\/2026\/04\/exation-2-copy-e1776680875907.jpg 1080w\" sizes=\"auto, (max-width: 570px) 100vw, 570px\" \/>\r\n   <div class='rp_normal'><\/div>  <\/a><\/div>\r\n  <div class=\"post_ctn\">\r\n    <!-- .title -->\r\n    <div class=\"post-title\">\r\n      <h2><a href=\"https:\/\/avivpark.com\/zvezdara\/exation-aviv\/\" title=\"Exation Aviv\">\r\n        Exation Aviv        <\/a>\r\n      <\/h2>\r\n    <\/div>\r\n    <!-- .title END-->\r\n\r\n    <!-- .entry -->\r\n    <div class=\"rp_entry\">\r\n\t<p>\ud83c\udfc3\u200d\u2642\ufe0f EXATION AVIV \ud83c\udfc3\u200d\u2640\ufe0f Spremite se za dan pun zabave, igre i uzbu\u0111enja! \ud83d\udca5 Na platou Aviv Parka u subotu 25. aprila<\/p>\n<p><\/p>    <\/div>\r\n    <!-- .entry END -->\r\n\r\n\r\n  <\/div>\r\n  <!-- post-content END-->\r\n      <!-- post-info -->\r\n    <div class=\"rp_post_info\">\r\n      <div class=\"rp_post_cat\"><a href=\"https:\/\/avivpark.com\/zvezdara\/category\/obavestenja\/\" rel=\"category tag\">Obave\u0161tenja<\/a><\/div>\r\n      <div class=\"rp_post_author\"><a href=\"https:\/\/avivpark.com\/zvezdara\/author\/atina\/\" title=\"\u010clanci od Atina\" rel=\"author\">Atina<\/a><\/div>\r\n      <div class=\"rp_post_time\">20 april 2026<\/div>\r\n    <\/div>\r\n    <!-- post-info END-->\r\n\r\n<!-- post END -->\r\n<\/div>\r\n\r\n<div class=\"rp_type05 ajax_post blog_2_col \"><a href=\"https:\/\/avivpark.com\/zvezdara\/osmomartovnska-radionica-u-aviv-parku\/\" title=\"Osmomartovska radionica u Aviv Parku\">\r\n  <div class='post-attachement'><img loading=\"lazy\" decoding=\"async\" width=\"570\" height=\"570\" src=\"https:\/\/avivpark.com\/zvezdara\/wp-content\/uploads\/2026\/03\/osmi-mart-radionica-sajt-570x570.jpg\" class=\"attachment-staff_tn size-staff_tn wp-post-image\" alt=\"\" srcset=\"https:\/\/avivpark.com\/zvezdara\/wp-content\/uploads\/2026\/03\/osmi-mart-radionica-sajt-570x570.jpg 570w, https:\/\/avivpark.com\/zvezdara\/wp-content\/uploads\/2026\/03\/osmi-mart-radionica-sajt-300x300.jpg 300w, https:\/\/avivpark.com\/zvezdara\/wp-content\/uploads\/2026\/03\/osmi-mart-radionica-sajt-1024x1024.jpg 1024w, https:\/\/avivpark.com\/zvezdara\/wp-content\/uploads\/2026\/03\/osmi-mart-radionica-sajt-150x150.jpg 150w, https:\/\/avivpark.com\/zvezdara\/wp-content\/uploads\/2026\/03\/osmi-mart-radionica-sajt-768x768.jpg 768w, https:\/\/avivpark.com\/zvezdara\/wp-content\/uploads\/2026\/03\/osmi-mart-radionica-sajt-266x266.jpg 266w, https:\/\/avivpark.com\/zvezdara\/wp-content\/uploads\/2026\/03\/osmi-mart-radionica-sajt-75x75.jpg 75w, https:\/\/avivpark.com\/zvezdara\/wp-content\/uploads\/2026\/03\/osmi-mart-radionica-sajt.jpg 1080w\" sizes=\"auto, (max-width: 570px) 100vw, 570px\" \/>\r\n   <div class='rp_normal'><\/div>  <\/a><\/div>\r\n  <div class=\"post_ctn\">\r\n    <!-- .title -->\r\n    <div class=\"post-title\">\r\n      <h2><a href=\"https:\/\/avivpark.com\/zvezdara\/osmomartovnska-radionica-u-aviv-parku\/\" title=\"Osmomartovska radionica u Aviv Parku\">\r\n        Osmomartovska radionica u Aviv Parku        <\/a>\r\n      <\/h2>\r\n    <\/div>\r\n    <!-- .title END-->\r\n\r\n    <!-- .entry -->\r\n    <div class=\"rp_entry\">\r\n\t<p>\ud83c\udf38 Osmomartovska radionica za dame i damice \ud83c\udf38 Proslavite Dan \u017eena na kreativan i zabavan na\u010din! \ud83d\udc95 U nedelju, 08.03. od 12h,<\/p>\n<p><\/p>    <\/div>\r\n    <!-- .entry END -->\r\n\r\n\r\n  <\/div>\r\n  <!-- post-content END-->\r\n      <!-- post-info -->\r\n    <div class=\"rp_post_info\">\r\n      <div class=\"rp_post_cat\"><a href=\"https:\/\/avivpark.com\/zvezdara\/category\/obavestenja\/\" rel=\"category tag\">Obave\u0161tenja<\/a><\/div>\r\n      <div class=\"rp_post_author\"><a href=\"https:\/\/avivpark.com\/zvezdara\/author\/atina\/\" title=\"\u010clanci od Atina\" rel=\"author\">Atina<\/a><\/div>\r\n      <div class=\"rp_post_time\">3 mart 2026<\/div>\r\n    <\/div>\r\n    <!-- post-info END-->\r\n\r\n<!-- post END -->\r\n<\/div>\r\n\r\n<div class=\"rp_type05 ajax_post blog_2_col \"><a href=\"https:\/\/avivpark.com\/zvezdara\/toyzzz-deciji-maskenbal-u-aviv-parku\/\" title=\"Toyzzz de\u010diji maskenbal u Aviv Parku\">\r\n  <div class='post-attachement'><img loading=\"lazy\" decoding=\"async\" width=\"570\" height=\"570\" src=\"https:\/\/avivpark.com\/zvezdara\/wp-content\/uploads\/2026\/02\/maskenbal-sajt-570x570.jpg\" class=\"attachment-staff_tn size-staff_tn wp-post-image\" alt=\"\" srcset=\"https:\/\/avivpark.com\/zvezdara\/wp-content\/uploads\/2026\/02\/maskenbal-sajt-570x570.jpg 570w, https:\/\/avivpark.com\/zvezdara\/wp-content\/uploads\/2026\/02\/maskenbal-sajt-300x300.jpg 300w, https:\/\/avivpark.com\/zvezdara\/wp-content\/uploads\/2026\/02\/maskenbal-sajt-1024x1024.jpg 1024w, https:\/\/avivpark.com\/zvezdara\/wp-content\/uploads\/2026\/02\/maskenbal-sajt-150x150.jpg 150w, https:\/\/avivpark.com\/zvezdara\/wp-content\/uploads\/2026\/02\/maskenbal-sajt-768x768.jpg 768w, https:\/\/avivpark.com\/zvezdara\/wp-content\/uploads\/2026\/02\/maskenbal-sajt-266x266.jpg 266w, https:\/\/avivpark.com\/zvezdara\/wp-content\/uploads\/2026\/02\/maskenbal-sajt-75x75.jpg 75w, https:\/\/avivpark.com\/zvezdara\/wp-content\/uploads\/2026\/02\/maskenbal-sajt.jpg 1080w\" sizes=\"auto, (max-width: 570px) 100vw, 570px\" \/>\r\n   <div class='rp_normal'><\/div>  <\/a><\/div>\r\n  <div class=\"post_ctn\">\r\n    <!-- .title -->\r\n    <div class=\"post-title\">\r\n      <h2><a href=\"https:\/\/avivpark.com\/zvezdara\/toyzzz-deciji-maskenbal-u-aviv-parku\/\" title=\"Toyzzz de\u010diji maskenbal u Aviv Parku\">\r\n        Toyzzz de\u010diji maskenbal u Aviv Parku        <\/a>\r\n      <\/h2>\r\n    <\/div>\r\n    <!-- .title END-->\r\n\r\n    <!-- .entry -->\r\n    <div class=\"rp_entry\">\r\n\t<p>Toyzz de\u010diji maskenbal! Pozivamo sve mali\u0161ane da nam se pridru\u017ee na veseloj i razigranoj maskenbalskoj zabavi koja \u0107e se odr\u017eati 28. februara<\/p>\n<p><\/p>    <\/div>\r\n    <!-- .entry END -->\r\n\r\n\r\n  <\/div>\r\n  <!-- post-content END-->\r\n      <!-- post-info -->\r\n    <div class=\"rp_post_info\">\r\n      <div class=\"rp_post_cat\"><a href=\"https:\/\/avivpark.com\/zvezdara\/category\/obavestenja\/\" rel=\"category tag\">Obave\u0161tenja<\/a><\/div>\r\n      <div class=\"rp_post_author\"><a href=\"https:\/\/avivpark.com\/zvezdara\/author\/atina\/\" title=\"\u010clanci od Atina\" rel=\"author\">Atina<\/a><\/div>\r\n      <div class=\"rp_post_time\">25 februar 2026<\/div>\r\n    <\/div>\r\n    <!-- post-info END-->\r\n\r\n<!-- post END -->\r\n<\/div>\r\n\r\n<div class=\"rp_type05 ajax_post blog_2_col \"><a href=\"https:\/\/avivpark.com\/zvezdara\/mirisi-ljubavi-u-aviv-parku\/\" title=\"Mirisi ljubavi u Aviv Parku\">\r\n  <div class='post-attachement'><img loading=\"lazy\" decoding=\"async\" width=\"570\" height=\"570\" src=\"https:\/\/avivpark.com\/zvezdara\/wp-content\/uploads\/2026\/02\/MIRISI-LJUBAVI-SAJT-570x570.jpg\" class=\"attachment-staff_tn size-staff_tn wp-post-image\" alt=\"\" srcset=\"https:\/\/avivpark.com\/zvezdara\/wp-content\/uploads\/2026\/02\/MIRISI-LJUBAVI-SAJT-570x570.jpg 570w, https:\/\/avivpark.com\/zvezdara\/wp-content\/uploads\/2026\/02\/MIRISI-LJUBAVI-SAJT-300x300.jpg 300w, https:\/\/avivpark.com\/zvezdara\/wp-content\/uploads\/2026\/02\/MIRISI-LJUBAVI-SAJT-1024x1024.jpg 1024w, https:\/\/avivpark.com\/zvezdara\/wp-content\/uploads\/2026\/02\/MIRISI-LJUBAVI-SAJT-150x150.jpg 150w, https:\/\/avivpark.com\/zvezdara\/wp-content\/uploads\/2026\/02\/MIRISI-LJUBAVI-SAJT-768x768.jpg 768w, https:\/\/avivpark.com\/zvezdara\/wp-content\/uploads\/2026\/02\/MIRISI-LJUBAVI-SAJT-266x266.jpg 266w, https:\/\/avivpark.com\/zvezdara\/wp-content\/uploads\/2026\/02\/MIRISI-LJUBAVI-SAJT-75x75.jpg 75w, https:\/\/avivpark.com\/zvezdara\/wp-content\/uploads\/2026\/02\/MIRISI-LJUBAVI-SAJT.jpg 1080w\" sizes=\"auto, (max-width: 570px) 100vw, 570px\" \/>\r\n   <div class='rp_normal'><\/div>  <\/a><\/div>\r\n  <div class=\"post_ctn\">\r\n    <!-- .title -->\r\n    <div class=\"post-title\">\r\n      <h2><a href=\"https:\/\/avivpark.com\/zvezdara\/mirisi-ljubavi-u-aviv-parku\/\" title=\"Mirisi ljubavi u Aviv Parku\">\r\n        Mirisi ljubavi u Aviv Parku        <\/a>\r\n      <\/h2>\r\n    <\/div>\r\n    <!-- .title END-->\r\n\r\n    <!-- .entry -->\r\n    <div class=\"rp_entry\">\r\n\t<p>Povodom Dana ljubavi, pozivamo vas na mirisno i kreativno dru\u017eenje gde zajedno stvaramo uspomene \ud83d\udc9e Na radionici \u0107emo puniti mirisne vre\u0107ice sa<\/p>\n<p><\/p>    <\/div>\r\n    <!-- .entry END -->\r\n\r\n\r\n  <\/div>\r\n  <!-- post-content END-->\r\n      <!-- post-info -->\r\n    <div class=\"rp_post_info\">\r\n      <div class=\"rp_post_cat\"><a href=\"https:\/\/avivpark.com\/zvezdara\/category\/obavestenja\/\" rel=\"category tag\">Obave\u0161tenja<\/a><\/div>\r\n      <div class=\"rp_post_author\"><a href=\"https:\/\/avivpark.com\/zvezdara\/author\/atina\/\" title=\"\u010clanci od Atina\" rel=\"author\">Atina<\/a><\/div>\r\n      <div class=\"rp_post_time\">10 februar 2026<\/div>\r\n    <\/div>\r\n    <!-- post-info END-->\r\n\r\n<!-- post END -->\r\n<\/div>\r\n\r\n<div class=\"rp_type05 ajax_post blog_2_col \"><a href=\"https:\/\/avivpark.com\/zvezdara\/pogodi-moj-svet-u-aviv-parku\/\" title=\"Pogodi moj svet u Aviv Parku\">\r\n  <div class='post-attachement'><img loading=\"lazy\" decoding=\"async\" width=\"570\" height=\"570\" src=\"https:\/\/avivpark.com\/zvezdara\/wp-content\/uploads\/2026\/01\/POGODI-MOJ-SVET-SAJT-570x570.jpg\" class=\"attachment-staff_tn size-staff_tn wp-post-image\" alt=\"\" srcset=\"https:\/\/avivpark.com\/zvezdara\/wp-content\/uploads\/2026\/01\/POGODI-MOJ-SVET-SAJT-570x570.jpg 570w, https:\/\/avivpark.com\/zvezdara\/wp-content\/uploads\/2026\/01\/POGODI-MOJ-SVET-SAJT-300x300.jpg 300w, https:\/\/avivpark.com\/zvezdara\/wp-content\/uploads\/2026\/01\/POGODI-MOJ-SVET-SAJT-1024x1024.jpg 1024w, https:\/\/avivpark.com\/zvezdara\/wp-content\/uploads\/2026\/01\/POGODI-MOJ-SVET-SAJT-150x150.jpg 150w, https:\/\/avivpark.com\/zvezdara\/wp-content\/uploads\/2026\/01\/POGODI-MOJ-SVET-SAJT-768x768.jpg 768w, https:\/\/avivpark.com\/zvezdara\/wp-content\/uploads\/2026\/01\/POGODI-MOJ-SVET-SAJT-266x266.jpg 266w, https:\/\/avivpark.com\/zvezdara\/wp-content\/uploads\/2026\/01\/POGODI-MOJ-SVET-SAJT-75x75.jpg 75w, https:\/\/avivpark.com\/zvezdara\/wp-content\/uploads\/2026\/01\/POGODI-MOJ-SVET-SAJT.jpg 1080w\" sizes=\"auto, (max-width: 570px) 100vw, 570px\" \/>\r\n   <div class='rp_normal'><\/div>  <\/a><\/div>\r\n  <div class=\"post_ctn\">\r\n    <!-- .title -->\r\n    <div class=\"post-title\">\r\n      <h2><a href=\"https:\/\/avivpark.com\/zvezdara\/pogodi-moj-svet-u-aviv-parku\/\" title=\"Pogodi moj svet u Aviv Parku\">\r\n        Pogodi moj svet u Aviv Parku        <\/a>\r\n      <\/h2>\r\n    <\/div>\r\n    <!-- .title END-->\r\n\r\n    <!-- .entry -->\r\n    <div class=\"rp_entry\">\r\n\t<p>\ud83c\udfa8 POGODI MOJ SVET \ud83c\udfa8 \ud83d\udcc5 24.01. \u23f0 12h \ud83d\udccd Nivo 1 Pozivamo vas na porodi\u010dni doga\u0111aj koji spaja igru, kreativnost i<\/p>\n<p><\/p>    <\/div>\r\n    <!-- .entry END -->\r\n\r\n\r\n  <\/div>\r\n  <!-- post-content END-->\r\n      <!-- post-info -->\r\n    <div class=\"rp_post_info\">\r\n      <div class=\"rp_post_cat\"><a href=\"https:\/\/avivpark.com\/zvezdara\/category\/obavestenja\/\" rel=\"category tag\">Obave\u0161tenja<\/a><\/div>\r\n      <div class=\"rp_post_author\"><a href=\"https:\/\/avivpark.com\/zvezdara\/author\/atina\/\" title=\"\u010clanci od Atina\" rel=\"author\">Atina<\/a><\/div>\r\n      <div class=\"rp_post_time\">20 januar 2026<\/div>\r\n    <\/div>\r\n    <!-- post-info END-->\r\n\r\n<!-- post END -->\r\n<\/div>\r\n\r\n<div class=\"rp_type05 ajax_post blog_2_col \"><a href=\"https:\/\/avivpark.com\/zvezdara\/slikanje-koncem-po-platnu-u-aviv-parku\/\" title=\"Slikanje koncem po platnu u Aviv Parku\">\r\n  <div class='post-attachement'><img loading=\"lazy\" decoding=\"async\" width=\"570\" height=\"570\" src=\"https:\/\/avivpark.com\/zvezdara\/wp-content\/uploads\/2026\/01\/KONAC-NA-PLATNU-SAJT-570x570.jpg\" class=\"attachment-staff_tn size-staff_tn wp-post-image\" alt=\"\" srcset=\"https:\/\/avivpark.com\/zvezdara\/wp-content\/uploads\/2026\/01\/KONAC-NA-PLATNU-SAJT-570x570.jpg 570w, https:\/\/avivpark.com\/zvezdara\/wp-content\/uploads\/2026\/01\/KONAC-NA-PLATNU-SAJT-300x300.jpg 300w, https:\/\/avivpark.com\/zvezdara\/wp-content\/uploads\/2026\/01\/KONAC-NA-PLATNU-SAJT-1024x1024.jpg 1024w, https:\/\/avivpark.com\/zvezdara\/wp-content\/uploads\/2026\/01\/KONAC-NA-PLATNU-SAJT-150x150.jpg 150w, https:\/\/avivpark.com\/zvezdara\/wp-content\/uploads\/2026\/01\/KONAC-NA-PLATNU-SAJT-768x768.jpg 768w, https:\/\/avivpark.com\/zvezdara\/wp-content\/uploads\/2026\/01\/KONAC-NA-PLATNU-SAJT-266x266.jpg 266w, https:\/\/avivpark.com\/zvezdara\/wp-content\/uploads\/2026\/01\/KONAC-NA-PLATNU-SAJT-75x75.jpg 75w, https:\/\/avivpark.com\/zvezdara\/wp-content\/uploads\/2026\/01\/KONAC-NA-PLATNU-SAJT.jpg 1080w\" sizes=\"auto, (max-width: 570px) 100vw, 570px\" \/>\r\n   <div class='rp_normal'><\/div>  <\/a><\/div>\r\n  <div class=\"post_ctn\">\r\n    <!-- .title -->\r\n    <div class=\"post-title\">\r\n      <h2><a href=\"https:\/\/avivpark.com\/zvezdara\/slikanje-koncem-po-platnu-u-aviv-parku\/\" title=\"Slikanje koncem po platnu u Aviv Parku\">\r\n        Slikanje koncem po platnu u Aviv Parku        <\/a>\r\n      <\/h2>\r\n    <\/div>\r\n    <!-- .title END-->\r\n\r\n    <!-- .entry -->\r\n    <div class=\"rp_entry\">\r\n\t<p>\ud83c\udfa8 Slikanje koncem po platnu \ud83e\uddf5 Pozivamo vas na kreativnu radionicu Slikanje koncem po platnu, namenjenu deci ali i svim \u010dlanovima porodice.<\/p>\n<p><\/p>    <\/div>\r\n    <!-- .entry END -->\r\n\r\n\r\n  <\/div>\r\n  <!-- post-content END-->\r\n      <!-- post-info -->\r\n    <div class=\"rp_post_info\">\r\n      <div class=\"rp_post_cat\"><a href=\"https:\/\/avivpark.com\/zvezdara\/category\/obavestenja\/\" rel=\"category tag\">Obave\u0161tenja<\/a><\/div>\r\n      <div class=\"rp_post_author\"><a href=\"https:\/\/avivpark.com\/zvezdara\/author\/atina\/\" title=\"\u010clanci od Atina\" rel=\"author\">Atina<\/a><\/div>\r\n      <div class=\"rp_post_time\">6 januar 2026<\/div>\r\n    <\/div>\r\n    <!-- post-info END-->\r\n\r\n<!-- post END -->\r\n<\/div>\r\n\r\n<\/div>\r\n[\/vc_column][\/vc_row][vc_row type=&#8220;full-width-section&#8220; css=&#8220;.vc_custom_1700050604597{margin-bottom: 0px !important;padding-top: 75px !important;padding-bottom: 76px !important;background-color: #eaeaea !important;}&#8220;][vc_column][vc_custom_heading text=&#8220;SAZNALI STE KAKO DA NAS PRONA\u0110ETE&#8220; font_container=&#8220;tag:h3|font_size:24|text_align:center|color:%23a5a5a5&#8243; google_fonts=&#8220;font_family:Ubuntu%3A300%2C300italic%2Cregular%2Citalic%2C500%2C500italic%2C700%2C700italic|font_style:300%20light%20regular%3A300%3Anormal&#8220; css=&#8220;.vc_custom_1700050558757{margin-bottom: 26px !important;}&#8220;][vc_custom_heading text=&#8220;PREPORU\u010cUJEMO DA POGLEDATE&#8220; font_container=&#8220;tag:h3|font_size:40|text_align:center|color:%23252632&#8243; google_fonts=&#8220;font_family:Ubuntu%3A300%2C300italic%2Cregular%2Citalic%2C500%2C500italic%2C700%2C700italic|font_style:700%20bold%20regular%3A700%3Anormal&#8220;]<style type=\"text\/css\" >#b_a3boazmdv9rp5istlgxi{margin-top:0px; margin-bottom:0px;}#b_a3boazmdv9rp5istlgxi .f_btn{color:#ffffff; background: #f99f1c;}#b_a3boazmdv9rp5istlgxi .f_btn:hover{color:#ffffff ; background:#84c441 ;}#b_a3boazmdv9rp5istlgxi .s_btn{color:#ffffff; background: #f99f1c;}#b_a3boazmdv9rp5istlgxi .s_btn:hover{color:#ffffff ; background:#84c441 ;}<\/style><div class=\"rd_db_1 clearfix\" id=\"b_a3boazmdv9rp5istlgxi\" ><a class=\"f_btn rda_bounceInLeft \" href=\"\/zvezdara\/brendovi\" target=\"_self\" >BRENDOVI<\/a><a class=\"s_btn rda_bounceInRight \" href=\"\/zvezdara\/galerije\" target=\"_self\" >GALERIJE<\/a><\/div>[\/vc_column][\/vc_row]<\/p>\n<\/div>","protected":false},"excerpt":{"rendered":"<p>\ud83c\udfa8 Slikanje koncem po platnu \ud83e\uddf5 Pozivamo vas na kreativnu radionicu Slikanje koncem po platnu, namenjenu deci ali i svim \u010dlanovima porodice.<\/p>\n","protected":false},"author":17,"featured_media":0,"parent":0,"menu_order":0,"comment_status":"closed","ping_status":"closed","template":"","meta":{"_monsterinsights_skip_tracking":false,"_monsterinsights_sitenote_active":false,"_monsterinsights_sitenote_note":"","_monsterinsights_sitenote_category":0,"footnotes":""},"class_list":["post-10","page","type-page","status-publish","hentry"],"aioseo_notices":[],"_links":{"self":[{"href":"https:\/\/avivpark.com\/zvezdara\/wp-json\/wp\/v2\/pages\/10","targetHints":{"allow":["GET"]}}],"collection":[{"href":"https:\/\/avivpark.com\/zvezdara\/wp-json\/wp\/v2\/pages"}],"about":[{"href":"https:\/\/avivpark.com\/zvezdara\/wp-json\/wp\/v2\/types\/page"}],"author":[{"embeddable":true,"href":"https:\/\/avivpark.com\/zvezdara\/wp-json\/wp\/v2\/users\/17"}],"replies":[{"embeddable":true,"href":"https:\/\/avivpark.com\/zvezdara\/wp-json\/wp\/v2\/comments?post=10"}],"version-history":[{"count":8,"href":"https:\/\/avivpark.com\/zvezdara\/wp-json\/wp\/v2\/pages\/10\/revisions"}],"predecessor-version":[{"id":14931,"href":"https:\/\/avivpark.com\/zvezdara\/wp-json\/wp\/v2\/pages\/10\/revisions\/14931"}],"wp:attachment":[{"href":"https:\/\/avivpark.com\/zvezdara\/wp-json\/wp\/v2\/media?parent=10"}],"curies":[{"name":"wp","href":"https:\/\/api.w.org\/{rel}","templated":true}]}}